{"id":2224,"date":"2023-11-22T16:02:11","date_gmt":"2023-11-22T15:02:11","guid":{"rendered":"https:\/\/cangioli.it\/?page_id=2224"},"modified":"2025-08-28T10:23:10","modified_gmt":"2025-08-28T08:23:10","slug":"privacy-policy","status":"publish","type":"page","link":"https:\/\/cangioli.it\/it\/privacy-policy\/","title":{"rendered":"Privacy Policy"},"content":{"rendered":"<p><strong><span style=\"font-size: 18pt;\">Informativa essenziale Fornitori<\/span><br \/>\n<\/strong><\/p>\n<p><strong>Chi \u00e8 il titolare del trattamento?<\/strong><\/p>\n<p>Lanificio Cangioli S.p.a. d\u2019ora in avanti Il Titolare<\/p>\n<p>Indirizzo: Via del Bisenzio a S. Martino 6, 59100 Prato (PO) \u2013 Italia<\/p>\n<p>Email: privacy@cangioli.it<\/p>\n<p><strong>Chi sono i destinatari?<\/strong><\/p>\n<p>responsabili esterni del trattamento ed eventuali ulteriori titolari<\/p>\n<ul>\n<li>Fornitori eventualmente coinvolti nella gestione amministrativa e contabile<\/li>\n<li>Revisore legale<\/li>\n<li>ODV<\/li>\n<\/ul>\n<p><strong>Cosa sar\u00e0 fatto dei tuoi dati personali?<\/strong><\/p>\n<p>per l\u2019esecuzione e la gestione del rapporto contrattuale instaurato<\/p>\n<p>per l\u2019archiviazione e la conservazione<\/p>\n<p>per la comunicazione a destinatari e\/o terzi in dipendenza del rapporto contrattuale e degli obblighi che ne derivano<\/p>\n<p><strong>Il trattamento avviene in base a:<\/strong><\/p>\n<ul>\n<li>attivit\u00e0 preordinate alla conclusione del contratto<\/li>\n<li>contratto<\/li>\n<li>adempimento di attivit\u00e0 conseguenti al rapporto instaurato e regolamentate per il settore di riferimento del titolare del trattamento<\/li>\n<\/ul>\n<p><strong>I dati personali che ti riguardano sono:<\/strong><\/p>\n<ul>\n<li>nome, cognome<\/li>\n<li>codice fiscale o partita iva<\/li>\n<li>indirizzo<\/li>\n<li>email<\/li>\n<li>numero di telefono fisso e\/o mobile<\/li>\n<li>dati bancari<\/li>\n<\/ul>\n<p><strong>I dati personali saranno trattati: <\/strong><\/p>\n<p>Il Titolare ti informa che puoi esercitare in qualsiasi momento il diritto di reclamo all\u2019Autorit\u00e0 competente e gli altri diritti previsti dagli artt. 15 e ss. del Regolamento Europeo (UE) 2016\/679.<\/p>\n<p>Per maggiori informazioni consulta l\u2019informativa completa nella sezione privacy presente sul sito web <a href=\"http:\/\/www.cangioli.it\">www.cangioli.it<\/a><\/p>\n<p>&nbsp;<\/p>\n<p><span style=\"font-size: 18pt;\"><strong>Informativa completa Fornitori<\/strong><\/span><\/p>\n<p><strong>Chi siamo e cosa facciamo dei tuoi dati personali?<\/strong><\/p>\n<p>Lanificio Cangioli S.p.a. con sede in Via del Bisenzio a S. Martino 6, 59100 Prato (PO) \u2013 Italia, (di seguito anche Il Titolare), in qualit\u00e0 di titolare del trattamento, si preoccupa della riservatezza dei tuoi dati personali e di garantire ad essi la protezione necessaria da ogni evento che possa metterli a rischio di violazione.<\/p>\n<p>Il Titolare mette in pratica al fine policy e prassi aventi riguardo alla raccolta e all\u2019utilizzo dei dati personali e all\u2019esercizio dei diritti che ti sono riconosciuti dalla normativa applicabile. Il Titolare ha cura di aggiornare le policy e le prassi adottate per la protezione dei dati personali ogni volta che ci\u00f2 si renda necessario e comunque in caso di modifiche normative e organizzative che possano incidere sui trattamenti dei tuoi dati personali.<\/p>\n<p><strong>Come e perch\u00e9 Il<\/strong> <strong>Titolare raccoglie e tratta i tuoi dati personali?<\/strong><\/p>\n<p>Il Titolare raccoglie e\/o riceve le informazioni che ti riguardano, quali:<\/p>\n<ul>\n<li>nome, cognome;<\/li>\n<li>partita iva o codice fiscale;<\/li>\n<li>indirizzo;<\/li>\n<li>email;<\/li>\n<li>numero di telefono fisso e\/o mobile;<\/li>\n<li>dati bancari.<\/li>\n<\/ul>\n<p>I dati personali che ti riguardano saranno trattati per le finalit\u00e0 che seguono:<\/p>\n<p><strong>1) la gestione del rapporto contrattuale di fornitura e dei conseguenti adempimenti anche normativi<\/strong><\/p>\n<p>Finalit\u00e0:<\/p>\n<ul>\n<li>la gestione del rapporto contrattuale in tutte le sue fasi, dalle trattative alla sua definizione, qualunque ne sia la causa<\/li>\n<li>monitoraggio e aggiornamento delle condizioni di fornitura e\/o dei servizi e degli incarichi<\/li>\n<li>registrazione, fatturazione e tenuta della contabilit\u00e0<\/li>\n<\/ul>\n<p>Base giuridica:<\/p>\n<p>Svolgimento attivit\u00e0 contrattuali e precontrattuali<\/p>\n<p>Adempimento di obblighi di legge e dipendenti dal contratto e dal rapporto instaurato, quali, tra gli altri, quelli discendenti da:<\/p>\n<ul>\n<li>P.R. n. 633\/1972 e s.m.i.<\/li>\n<li>P.R. n. 600\/1972 e s.m.i.<\/li>\n<li>Codice etico del Titolare<\/li>\n<\/ul>\n<p>Adempimento di obblighi di rendicontazione economico-finanziaria e sociale<\/p>\n<p><strong>2) per la comunicazione a terzi e per la diffusione<\/strong><\/p>\n<p>Finalit\u00e0:<\/p>\n<p>comunicazione a terzi quali:<\/p>\n<ul>\n<li>Fornitori eventualmente coinvolti nella gestione amministrativa e contabile<\/li>\n<li>Revisore legale<\/li>\n<li>Odv<\/li>\n<\/ul>\n<p>Base giuridica:<\/p>\n<p>Svolgimento attivit\u00e0 contrattuali e precontrattuali<\/p>\n<p>Adempimento degli obblighi dipendenti dal contratto<\/p>\n<p>Adempimenti obblighi di legge, tra cui quelli dipendenti da:<\/p>\n<ul>\n<li>P.R. n. 633\/1972 e s.m.i.<\/li>\n<li>P.R. n. 600\/1972<\/li>\n<\/ul>\n<p>Adempimento degli obblighi dipendenti da: Adempimento di obblighi di trasparenza e di rendicontazione economico &#8211; sociale<\/p>\n<p>Il Titolare non trasferisce i tuoi dati personali all\u2019estero (paesi extra UE). I tuoi dati personali possono essere diffusi e divulgati mediante i siti web di pertinenza del Titolare ove nel caso vengono pubblicati gli elenchi di fornitori e consulenti in applicazione del Codice etico e degli obblighi di trasparenza e rendicontazione economico \u2013 sociale.<\/p>\n<p>La comunicazione e la diffusione riguardano le categorie di dati la cui trasmissione e\/o divulgazione si rendano necessarie per lo svolgimento delle attivit\u00e0 e finalit\u00e0 perseguite dal Titolare nella gestione del rapporto instaurato. Il relativo trattamento non richiede il consenso dell\u2019interessato nel caso in cui lo stesso avvenga a fronte di obblighi di legge o per dar corso agli obblighi derivanti dal rapporto contrattuale o nel caso dovesse ricorrere altra ipotesi di esclusione (in specie applicazione delle prescrizioni di cui al Codice etico e\/o interesse legittimo interesse del Titolare), espressamente prevista o dipendente dalla normativa e dai regolamenti applicati dal Titolare, o anche mediante soggetti terzi individuati quali responsabili del trattamento;<\/p>\n<p>&nbsp;<\/p>\n<p><strong>Come, dove e per quanto tempo vengono conservati i tuoi dati?<\/strong><\/p>\n<p><strong>Come<\/strong><\/p>\n<p>Il trattamento dei dati \u00e8 eseguito attraverso supporti cartacei o procedure informatiche da parte di soggetti interni appositamente autorizzati. A questi \u00e8 consentito l\u2019accesso ai tuoi dati personali nella misura e nei limiti in cui esso \u00e8 necessario per lo svolgimento delle attivit\u00e0 di trattamento che ti riguardano.<\/p>\n<p>Il Titolare verifica periodicamente gli strumenti mediante i quali i tuoi dati vengono trattati e le misure di sicurezza per essi previste di cui prevede l\u2019aggiornamento costante; verifica, anche per il tramite dei soggetti autorizzati al trattamento, che non siano raccolti, trattati, archiviati o conservati dati personali di cui non sia necessario il trattamento o le cui finalit\u00e0 siano nel caso esaurite; verifica che i dati siano conservati con la garanzia di integrit\u00e0 e di autenticit\u00e0 e del loro uso per le finalit\u00e0 dei trattamenti effettivamente svolti.<\/p>\n<p>Il Titolare garantisce che i dati che, anche a seguito delle verifiche, risultino eccedenti o non pertinenti non saranno utilizzati salvo che per l&#8217;eventuale conservazione, a norma di legge, dell&#8217;atto o del documento che li contiene.<\/p>\n<p><strong>Dove<\/strong><\/p>\n<p>I dati sono conservati in archivi cartacei, informatici ed elettronici, situati all\u2019interno dello spazio economico europeo, e sono assicurate misure di sicurezza adeguate.<\/p>\n<p><strong>Quanto tempo<\/strong><\/p>\n<p>I tuoi dati personali vengono conservati per il tempo necessario al compimento delle attivit\u00e0 legate alla gestione del contratto che hai stipulato con il Titolare e per gli adempimenti, anche di legge, che ne conseguono.<\/p>\n<p>In particolare:<\/p>\n<ul>\n<li>dati identificativi<\/li>\n<li>dati bancari<\/li>\n<\/ul>\n<p>Durata del rapporto contrattuale<\/p>\n<p>Sono fatti salvi:<\/p>\n<ul>\n<li>la risoluzione del contratto (a qualsiasi titolo)<\/li>\n<li>le finalit\u00e0 che proseguono oltre la conclusione del contratto (es. tenuta della contabilit\u00e0, art. 2220 c.c.)<\/li>\n<li>i termini prescrizionali: da cinque a dieci danni dalla definizione del rapporto e comunque dal momento in cui i diritti che ne dipendono possono essere esercitati (artt. 2935, 2946 e 2947 c.c.)<\/li>\n<\/ul>\n<p>Salvo, ancora, l\u2019eventuale contenzioso se comporta una proroga dei termini predetti, per il tempo necessario al perseguimento della relativa finalit\u00e0.<\/p>\n<p>Esaurite tutte le finalit\u00e0 che legittimano la conservazione dei tuoi dati personali, il Titolare avr\u00e0 cura di cancellarli o di renderli in forma anonima.<\/p>\n<p><strong>Quali sono i tuoi diritti?<\/strong><\/p>\n<p>I diritti che ti sono riconosciuti ti permettono di avere sempre il controllo dei tuoi dati. I tuoi diritti sono quelli di:<\/p>\n<ul>\n<li>accesso;<\/li>\n<li>rettifica;<\/li>\n<li>cancellazione;<\/li>\n<li>limitazione del trattamento;<\/li>\n<li>opposizione al trattamento;<\/li>\n<li>portabilit\u00e0.<\/li>\n<\/ul>\n<p><u>In sostanza tu<\/u>, in ogni momento e a titolo gratuito e senza oneri e formalit\u00e0 particolari per la tua richiesta, puoi:<\/p>\n<ul>\n<li>ottenere conferma del trattamento operato dal Titolare<\/li>\n<li>accedere ai tuoi dati personali e conoscerne l\u2019origine (quando i dati non sono ottenuti da te direttamente), le finalit\u00e0 e gli scopi del trattamento, i dati dei soggetti a cui essi sono comunicati, il periodo di conservazione dei tuoi dati o i criteri utili per determinarlo;<\/li>\n<li>aggiornare o rettificare i tuoi dati personali in modo che siano sempre esatti e accurati;<\/li>\n<li>cancellare i tuoi dati personali dalle banche dati e\/o dagli archivi anche di backup nel caso, tra gli altri, in cui non siano pi\u00f9 necessari per le finalit\u00e0 del trattamento o se questo si assume come illecito, e sempre se ne sussistano le condizioni previste per legge; e comunque se il trattamento non sia giustificato da un altro motivo ugualmente legittimo;<\/li>\n<li>limitare il trattamento dei tuoi dati personali in talune circostanze, ad esempio laddove tu ne abbia contestato l\u2019esattezza, per il periodo necessario al Titolare per verificarne l\u2019accuratezza. Tu devi essere informato, in tempi congrui, anche di quando il periodo di sospensione si sia compiuto o la causa della limitazione del trattamento sia venuta meno, e quindi la limitazione stessa revocata;<\/li>\n<li>ottenere i tuoi dati personali, se il loro trattamento avvenga sulla base di un contratto e con strumenti automatizzati, in formato elettronico anche al fine di trasmetterli ad altro titolare del trattamento.<\/li>\n<\/ul>\n<p>Il Titolare dovr\u00e0 procedere in tal senso senza ritardo e, comunque, al pi\u00f9 tardi entro un mese dal ricevimento della tua richiesta. Il termine pu\u00f2 essere prorogato di due mesi, se necessario, tenuto conto della complessit\u00e0 e del numero delle richieste ricevute. In tali casi il Titolare entro un mese dal ricevimento della tua richiesta, ti informer\u00e0 e ti metter\u00e0 al corrente dei motivi della proroga.<\/p>\n<p>Per ogni ulteriore informazione e comunque per inviare la tua richiesta scrivi all\u2019indirizzo privacy@cangioli.it<\/p>\n<p><strong>Come e quando puoi opporti al trattamento dei tuoi dati personali?<\/strong><\/p>\n<p>Per motivi relativi alla tua situazione particolare, puoi opporti in ogni momento al trattamento dei tuoi dati personali se esso \u00e8 fondato sul legittimo interesse, inviando la tua richiesta all\u2019indirizzo privacy@cangioli.it<\/p>\n<p>Tu hai diritto alla cancellazione dei tuoi dati personali se non esiste un motivo legittimo prevalente rispetto a quello che ha dato origine alla tua richiesta.<\/p>\n<p><strong>A chi puoi proporre reclamo?<\/strong><\/p>\n<p>Fatta salva ogni altra azione in sede amministrativa o giudiziaria, puoi presentare un reclamo all\u2019autorit\u00e0 garante per la protezione dei dati personali, a meno che tu non risieda o non svolga la tua attivit\u00e0 lavorativa in altro Stato membro. In tale ultimo caso, o in quello in cui la violazione della normativa in materia di protezione dei dati personali avvenga in altro paese dell\u2019Ue, la competenza a ricevere e conoscere il reclamo sar\u00e0 delle autorit\u00e0 di controllo ivi stabilite.<\/p>\n<p>Ogni aggiornamento della presente informativa ti sar\u00e0 comunicato tempestivamente e mediante mezzi congrui e altrettanto ti sar\u00e0 comunicato prima di procedervi e in tempo per prestare il tuo consenso se necessario.<\/p>\n","protected":false},"excerpt":{"rendered":"<p>Informativa essenziale Fornitori Chi \u00e8 il titolare del trattamento? Lanificio Cangioli S.p.a. d\u2019ora in avanti Il Titolare Indirizzo: Via del Bisenzio a S. Martino 6, 59100 Prato (PO) \u2013 Italia Email: privacy@cangioli.it Chi sono i destinatari? responsabili esterni del trattamento ed eventuali ulteriori titolari Fornitori eventualmente coinvolti nella gestione amministrativa e contabile Revisore legale ODV [&hellip;]<\/p>\n","protected":false},"author":2,"featured_media":0,"parent":0,"menu_order":0,"comment_status":"closed","ping_status":"closed","template":"templates-page\/page-stripe.php","meta":{"_acf_changed":false,"footnotes":""},"class_list":["post-2224","page","type-page","status-publish","hentry"],"acf":[],"_links":{"self":[{"href":"https:\/\/cangioli.it\/it\/wp-json\/wp\/v2\/pages\/2224","targetHints":{"allow":["GET"]}}],"collection":[{"href":"https:\/\/cangioli.it\/it\/wp-json\/wp\/v2\/pages"}],"about":[{"href":"https:\/\/cangioli.it\/it\/wp-json\/wp\/v2\/types\/page"}],"author":[{"embeddable":true,"href":"https:\/\/cangioli.it\/it\/wp-json\/wp\/v2\/users\/2"}],"replies":[{"embeddable":true,"href":"https:\/\/cangioli.it\/it\/wp-json\/wp\/v2\/comments?post=2224"}],"version-history":[{"count":3,"href":"https:\/\/cangioli.it\/it\/wp-json\/wp\/v2\/pages\/2224\/revisions"}],"predecessor-version":[{"id":3142,"href":"https:\/\/cangioli.it\/it\/wp-json\/wp\/v2\/pages\/2224\/revisions\/3142"}],"wp:attachment":[{"href":"https:\/\/cangioli.it\/it\/wp-json\/wp\/v2\/media?parent=2224"}],"curies":[{"name":"wp","href":"https:\/\/api.w.org\/{rel}","templated":true}]}}